{"id":13,"date":"2025-04-11T16:08:37","date_gmt":"2025-04-11T14:08:37","guid":{"rendered":"https:\/\/demo-essentiel6.webconfig.fr\/?page_id=13"},"modified":"2025-08-15T15:50:05","modified_gmt":"2025-08-15T13:50:05","slug":"contact","status":"publish","type":"page","link":"https:\/\/demo-essentiel6.webconfig.fr\/index.php\/contact\/","title":{"rendered":"Contact"},"content":{"rendered":"\n<div class=\"wp-block-stackable-heading stk-block-heading stk-block-heading--v2 stk-block stk-eadb7d5\" id=\"formulaire-de-contact-par-email\" data-block-id=\"eadb7d5\"><style>.stk-eadb7d5 {padding-top:80px !important;}<\/style><h2 class=\"stk-block-heading__text\">Formulaire de contact par email<\/h2><\/div>\n\n\n\n<div class=\"wp-block-stackable-text stk-block-text stk-block stk-c890c3a\" data-block-id=\"c890c3a\"><p class=\"stk-block-text__text has-text-align-justify\">Si vous avez une question, n&rsquo;h\u00e9sitez pas \u00e0 remplir ce formulaire de contact ou nous envoyer un email \u00e0 <a href=\"mailto:contact@webconfig.fr\">contact@webconfig.fr<\/a><\/p><\/div>\n\n\n<style data-aos=\"scale-in\">.kadence-form-13_dff505-be .kadence-blocks-form-success{color:#008000;}.kb-form input.kadence-blocks-field.verify{opacity:0.0;position:absolute;top:0.0;left:0.0;width:0.0;height:0.0;z-index:-1;}<\/style>\n<div class=\"wp-block-kadence-form kadence-form-13_dff505-be kb-form-wrap\" data-aos=\"scale-in\"><form class=\"kb-form\" action=\"\" method=\"post\"><div class=\"kadence-blocks-form-field kb-field-desk-width-50 kb-input-size-standard\"><input name=\"kb_field_0\" id=\"kb_field_13_dff505-be_0\" data-label=\"\" type=\"text\" placeholder=\"Votre pr\u00e9nom \ud83d\ude09\" value=\"\" data-type=\"text\" class=\"kb-field kb-text-style-field kb-text-field kb-field-0\" data-required=\"yes\" data-required-message=\"Merci de nous remplir cette case.\"\/><\/div><div class=\"kadence-blocks-form-field kb-form-field-1 kb-field-desk-width-50 kb-input-size-standard\"><input name=\"kb_field_1\" id=\"kb_field_13_dff505-be_1\" data-label=\"\" type=\"text\" placeholder=\"Votre nom \ud83d\ude09\" value=\"\" data-type=\"text\" class=\"kb-field kb-text-style-field kb-text-field kb-field-1\" data-required=\"yes\" data-required-message=\"Merci de nous remplir cette case.\"\/><\/div><div class=\"kadence-blocks-form-field kb-form-field-2 kb-field-desk-width-50 kb-input-size-standard\"><input name=\"kb_field_2\" id=\"kb_field_13_dff505-be_2\" data-label=\"\" type=\"email\" placeholder=\"Votre adresse email \ud83d\udce7\" value=\"\" data-type=\"email\" class=\"kb-field kb-text-style-field kb-email-field kb-field-2\" data-required=\"yes\" data-validation-message=\"Merci de nous remplir cette case.\"\/><\/div><div class=\"kadence-blocks-form-field kb-form-field-3 kb-field-desk-width-50 kb-input-size-standard\"><input name=\"kb_field_3\" id=\"kb_field_13_dff505-be_3\" data-label=\"\" type=\"tel\" placeholder=\"Votre num\u00e9ro de t\u00e9l\u00e9phone (facultatif)\ud83d\udcf1\" value=\"\" data-type=\"tel\" class=\"kb-field kb-text-style-field kb-tel-field kb-field-3\"\/><\/div><div class=\"kadence-blocks-form-field kb-form-field-4 kb-field-desk-width-100 kb-input-size-standard\"><textarea name=\"kb_field_4\" id=\"kb_field_13_dff505-be_4\" data-label=\"\" type=\"textarea\" placeholder=\"Ecrivez-nous votre message ici \ud83d\udd8a\ufe0f\" data-type=\"textarea\" class=\"kb-field kb-text-style-field kb-textarea-field kb-field-4\" rows=\"4\" data-required=\"yes\" data-required-message=\"Merci de nous remplir cette case.\"><\/textarea><\/div><input type=\"hidden\" name=\"_kb_form_id\" value=\"13_dff505-be\"\/><input type=\"hidden\" name=\"_kb_form_post_id\" value=\"13\"\/><input type=\"hidden\" name=\"action\" value=\"kb_process_ajax_submit\"\/><label class=\"kadence-verify-label\">Email<input class=\"kadence-blocks-field verify\" type=\"text\" name=\"_kb_verify_email\" autocomplete=\"new-password\" aria-hidden=\"true\" placeholder=\"Email\" tabindex=\"-1\" data-1p-ignore=\"true\" data-lpignore=\"true\" \/><\/label><div class=\"kadence-blocks-form-field kb-submit-field kb-field-desk-width-100\"><button class=\"kb-forms-submit button kb-button-size-large kb-button-width-auto\">ENVOYER<\/button><\/div><\/form><\/div>\n<noscript><div class=\"kadence-blocks-form-message kadence-blocks-form-warning\">Veuillez activer JavaScript dans votre navigateur pour envoyer le formulaire.<\/div><style>.kadence-form-13_dff505-be .kadence-blocks-form-field.kb-submit-field { display: none; }<\/style><\/noscript>\n\n\n<div class=\"wp-block-stackable-columns alignwide stk-block-columns stk-block stk-6290186\" data-block-id=\"6290186\"><style>.stk-6290186 {margin-left:-1px !important;}@media screen and (max-width: 767px){.stk-6290186 .stk--block-align-6290186{align-items:center !important;}}<\/style><div class=\"stk-row stk-inner-blocks stk--block-align-6290186 stk-block-content stk-content-align stk-6290186-column alignwide\">\n<div class=\"wp-block-stackable-column stk-block-column stk-column stk-block stk-754022c\" data-v=\"4\" data-block-id=\"754022c\"><style>@media screen and (max-width: 767px){.stk-754022c {flex:var(--stk-flex-grow, 1) 1 calc(50% - var(--stk-column-gap, 0px) * 1 \/ 2 ) !important;}}<\/style><div class=\"stk-column-wrapper stk-block-column__content stk-container stk-754022c-container stk--no-background stk--no-padding\"><div class=\"has-text-align-right stk-block-content stk-inner-blocks stk-754022c-inner-blocks\">\n<div class=\"wp-block-stackable-text stk-block-text stk--hide-desktop stk--hide-tablet stk--hide-mobile stk-block stk-5e45a22\" data-block-id=\"5e45a22\"><p class=\"stk-block-text__text\">\/\/ Sur ordinateur \/\/<\/p><\/div>\n\n\n\n<div class=\"wp-block-stackable-heading stk-block-heading stk--hide-mobile stk-block-heading--v2 stk-block stk-b44fe6c\" id=\"contact-par-telephone\" data-block-id=\"b44fe6c\"><h2 class=\"stk-block-heading__text\">Contact par t\u00e9l\u00e9phone : <\/h2><\/div>\n\n\n\n<div class=\"wp-block-stackable-text stk-block-text stk--hide-desktop stk--hide-tablet stk--hide-mobile stk-block stk-5d69c51\" data-block-id=\"5d69c51\"><p class=\"stk-block-text__text\">\/\/ Sur t\u00e9l\u00e9phone \/\/<\/p><\/div>\n\n\n\n<div class=\"wp-block-stackable-heading stk-block-heading stk--hide-desktop stk--hide-tablet stk-block-heading--v2 stk-block stk-bff452d\" id=\"contact-par-telephone\" data-block-id=\"bff452d\"><h2 class=\"stk-block-heading__text has-text-align-left\">Contact par t\u00e9l\u00e9phone<\/h2><\/div>\n<\/div><\/div><\/div>\n\n\n\n<div class=\"wp-block-stackable-column stk-block-column stk-column stk-block stk-9d7d9f5\" data-v=\"4\" data-block-id=\"9d7d9f5\"><style>@media screen and (max-width: 767px){.stk-9d7d9f5 {flex:var(--stk-flex-grow, 1) 1 calc(50% - var(--stk-column-gap, 0px) * 1 \/ 2 ) !important;}}<\/style><div class=\"stk-column-wrapper stk-block-column__content stk-container stk-9d7d9f5-container stk--no-background stk--no-padding\"><div class=\"has-text-align-center stk-block-content stk-inner-blocks stk-9d7d9f5-inner-blocks\">\n<div class=\"wp-block-stackable-text stk-block-text stk--hide-desktop stk--hide-tablet stk--hide-mobile stk-block stk-b7a068b\" data-block-id=\"b7a068b\"><p class=\"stk-block-text__text\">\/\/ Sur ordinateur \/\/<\/p><\/div>\n\n\n\n<div class=\"wp-block-stackable-columns stk-block-columns stk--hide-mobile stk-block stk-0bf58e5\" data-block-id=\"0bf58e5\"><style>.stk-0bf58e5-column{--stk-columns-spacing:0px !important;justify-content:flex-start !important;}<\/style><div class=\"stk-row stk-inner-blocks stk-block-content stk-content-align stk-0bf58e5-column stk--flex\">\n<div class=\"wp-block-stackable-column stk-block-column stk-column stk-block stk-817b9ad\" data-v=\"4\" data-block-id=\"817b9ad\"><div class=\"stk-column-wrapper stk-block-column__content stk-container stk-817b9ad-container stk--no-background stk--no-padding\"><div class=\"stk-block-content stk-inner-blocks stk-817b9ad-inner-blocks\">\n<div class=\"wp-block-stackable-text stk-block-text stk--hide-mobile stk-block stk-573ed25 stk-block-background\" data-block-id=\"573ed25\"><style>.stk-573ed25 {background-color:var(--global-palette1, var(--global-palette1)) !important;border-top-left-radius:5px !important;border-top-right-radius:5px !important;border-bottom-right-radius:5px !important;border-bottom-left-radius:5px !important;overflow:hidden !important;padding-top:10px !important;padding-right:10px !important;padding-bottom:10px !important;padding-left:10px !important;}.stk-573ed25:before{background-color:var(--global-palette1, var(--global-palette1)) !important;}.stk-573ed25 .stk-block-text__text{color:var(--global-palette9, var(--global-palette9)) !important;}<\/style><p class=\"stk-block-text__text has-text-color has-text-align-center\">06 00 00 00 00<\/p><\/div>\n<\/div><\/div><\/div>\n<\/div><\/div>\n\n\n\n<div class=\"wp-block-stackable-text stk-block-text stk--hide-desktop stk--hide-tablet stk--hide-mobile stk-block stk-583c5f8\" data-block-id=\"583c5f8\"><p class=\"stk-block-text__text\">\/\/ Sur t\u00e9l\u00e9phone \/\/<\/p><\/div>\n\n\n\n<div class=\"wp-block-stackable-columns stk-block-columns stk--hide-desktop stk--hide-tablet stk-block stk-723e841\" data-block-id=\"723e841\"><style>.stk-723e841 .stk--block-align-723e841{align-items:center !important;}.stk-723e841 {margin-top:0px !important;margin-bottom:0px !important;margin-left:0px !important;}.stk-723e841-column{justify-content:flex-start !important;}<\/style><div class=\"stk-row stk-inner-blocks has-text-align-left stk--block-align-723e841 stk-block-content stk-content-align stk-723e841-column stk--flex\">\n<div class=\"wp-block-stackable-column stk-block-column stk-column stk-block stk-d0c3ca7 stk-block-background couleur-1\" data-v=\"4\" data-block-id=\"d0c3ca7\"><style>.stk-d0c3ca7-inner-blocks{align-items:flex-end !important;}.stk-d0c3ca7 {background-color:var(--global-palette2, var(--global-palette2)) !important;border-top-left-radius:5px !important;border-top-right-radius:5px !important;border-bottom-right-radius:5px !important;border-bottom-left-radius:5px !important;overflow:hidden !important;}.stk-d0c3ca7:before{background-color:var(--global-palette2, var(--global-palette2)) !important;}<\/style><div class=\"stk-column-wrapper stk-block-column__content stk-container stk-d0c3ca7-container stk--no-background stk--no-padding\"><div class=\"stk--column-flex stk-block-content stk-inner-blocks stk-d0c3ca7-inner-blocks\">\n<div class=\"wp-block-stackable-text stk-block-text stk-block stk-99bbe93\" data-block-id=\"99bbe93\"><p class=\"stk-block-text__text\"><a href=\"tel:0600000000\"><span style=\"color: var(--global-palette9, var(--global-palette9));\" class=\"stk-highlight\">06 00 00 00 00<\/span><\/a><\/p><\/div>\n<\/div><\/div><\/div>\n<\/div><\/div>\n<\/div><\/div><\/div>\n<\/div><\/div>\n","protected":false},"excerpt":{"rendered":"<p>Formulaire de contact par email Si vous avez une question, n&rsquo;h\u00e9sitez pas \u00e0 remplir ce formulaire de contact ou nous envoyer un email \u00e0 contact@webconfig.fr \/\/ Sur ordinateur \/\/ Contact par t\u00e9l\u00e9phone : \/\/ Sur t\u00e9l\u00e9phone \/\/ Contact par t\u00e9l\u00e9phone \/\/ Sur ordinateur \/\/ 06 00 00 00 00 \/\/ Sur t\u00e9l\u00e9phone \/\/ 06 00&#8230;<\/p>\n","protected":false},"author":1,"featured_media":0,"parent":0,"menu_order":0,"comment_status":"closed","ping_status":"closed","template":"","meta":{"_kad_post_transparent":"","_kad_post_title":"","_kad_post_layout":"","_kad_post_sidebar_id":"","_kad_post_content_style":"","_kad_post_vertical_padding":"","_kad_post_feature":"","_kad_post_feature_position":"","_kad_post_header":false,"_kad_post_footer":false,"_kad_post_classname":"","footnotes":""},"class_list":["post-13","page","type-page","status-publish","hentry"],"_links":{"self":[{"href":"https:\/\/demo-essentiel6.webconfig.fr\/index.php\/wp-json\/wp\/v2\/pages\/13","targetHints":{"allow":["GET"]}}],"collection":[{"href":"https:\/\/demo-essentiel6.webconfig.fr\/index.php\/wp-json\/wp\/v2\/pages"}],"about":[{"href":"https:\/\/demo-essentiel6.webconfig.fr\/index.php\/wp-json\/wp\/v2\/types\/page"}],"author":[{"embeddable":true,"href":"https:\/\/demo-essentiel6.webconfig.fr\/index.php\/wp-json\/wp\/v2\/users\/1"}],"replies":[{"embeddable":true,"href":"https:\/\/demo-essentiel6.webconfig.fr\/index.php\/wp-json\/wp\/v2\/comments?post=13"}],"version-history":[{"count":52,"href":"https:\/\/demo-essentiel6.webconfig.fr\/index.php\/wp-json\/wp\/v2\/pages\/13\/revisions"}],"predecessor-version":[{"id":757,"href":"https:\/\/demo-essentiel6.webconfig.fr\/index.php\/wp-json\/wp\/v2\/pages\/13\/revisions\/757"}],"wp:attachment":[{"href":"https:\/\/demo-essentiel6.webconfig.fr\/index.php\/wp-json\/wp\/v2\/media?parent=13"}],"curies":[{"name":"wp","href":"https:\/\/api.w.org\/{rel}","templated":true}]}}